{"id":6844,"date":"2024-11-05T15:57:24","date_gmt":"2024-11-05T14:57:24","guid":{"rendered":"https:\/\/poseidon.hr\/novosti\/"},"modified":"2024-11-29T16:49:09","modified_gmt":"2024-11-29T15:49:09","slug":"news","status":"publish","type":"page","link":"https:\/\/poseidon.hr\/en\/news\/","title":{"rendered":"News"},"content":{"rendered":"\t\t<div data-elementor-type=\"wp-page\" data-elementor-id=\"6844\" class=\"elementor elementor-6844 elementor-6191\">\n\t\t\t\t<div class=\"elementor-element elementor-element-df271e0 e-flex e-con-boxed e-con e-parent\" data-id=\"df271e0\" data-element_type=\"container\">\n\t\t\t\t\t<div class=\"e-con-inner\">\n\t\t\t\t<div class=\"elementor-element elementor-element-2d7eaeb elementor-widget elementor-widget-opal-post-grid\" data-id=\"2d7eaeb\" data-element_type=\"widget\" data-widget_type=\"opal-post-grid.default\">\n\t\t\t\t<div class=\"elementor-widget-container\">\n\t\t\t        <div class=\"elementor-post-wrapper post-style-1\">\n            <div class=\"row\" data-elementor-columns=\"1\">\n\n                <div class=\"column-item post-style-1\">\n    <div class=\"post-inner\">\n                    <div class=\"post-thumbnail\">\n                <a href=\"https:\/\/poseidon.hr\/en\/dont-miss-the-opportunity-30-off-on-x-line-mobile-homes\/\">\n                    <img fetchpriority=\"high\" decoding=\"async\" width=\"940\" height=\"788\" src=\"https:\/\/poseidon.hr\/wp-content\/uploads\/2020\/12\/HR.jpg\" class=\"attachment-konstruktic-featured-image-large size-konstruktic-featured-image-large wp-post-image\" alt=\"\" srcset=\"https:\/\/poseidon.hr\/wp-content\/uploads\/2020\/12\/HR.jpg 940w, https:\/\/poseidon.hr\/wp-content\/uploads\/2020\/12\/HR-300x251.jpg 300w, https:\/\/poseidon.hr\/wp-content\/uploads\/2020\/12\/HR-768x644.jpg 768w, https:\/\/poseidon.hr\/wp-content\/uploads\/2020\/12\/HR-700x587.jpg 700w\" sizes=\"(max-width: 940px) 100vw, 940px\" \/>                <\/a>\n            <\/div><!-- .post-thumbnail -->\n\n                <div class=\"post-content\">\n            <div class=\"entry-item\">\n                <div class=\"entry-header\">\n                    <div class=\"entry-meta\">\n                        <div class=\"entry-meta-inner\"><span class=\"post-date\"><a href=\"https:\/\/poseidon.hr\/en\/dont-miss-the-opportunity-30-off-on-x-line-mobile-homes\/\" rel=\"bookmark\"><time class=\"entry-date published\" datetime=\"2021-06-29T15:54:01+02:00\">June 29, 2021<\/time><time class=\"updated\" datetime=\"2024-11-05T15:28:24+01:00\">November 5, 2024<\/time><\/a><\/span><\/div>                    <\/div><!-- .entry-meta -->\n                    <h3 class=\"entry-title\"><a href=\"https:\/\/poseidon.hr\/en\/dont-miss-the-opportunity-30-off-on-x-line-mobile-homes\/\">Don&#8217;t miss the opportunity &#8211; 30% off on X line mobile homes<\/a><\/h3>\n                <\/div><!-- .entry-header -->\n\n                    <div class=\"entry-summary\">\n                        Enjoy the irresistible charms of the Makarska Riviera with our special offer. X Line mobile home for four and six&hellip;                    <\/div><!-- .entry-summary -->\n\n                    <div class=\"more-link-wrap\">\n                        <a class=\"more-link\"\n                           href=\"https:\/\/poseidon.hr\/en\/dont-miss-the-opportunity-30-off-on-x-line-mobile-homes\/\">Learn More                            <i class=\"opal-icon-long-arrow-right\" aria-hidden=\"true\"><\/i>\n                        <\/a>\n                    <\/div><!-- .more-link-wrap -->\n\n\n            <\/div>\n        <\/div>\n\n    <\/div>\n<\/div><div class=\"column-item post-style-1\">\n    <div class=\"post-inner\">\n                    <div class=\"post-thumbnail\">\n                <a href=\"https:\/\/poseidon.hr\/en\/riviera-mobile-home\/\">\n                    <img decoding=\"async\" width=\"720\" height=\"481\" src=\"https:\/\/poseidon.hr\/wp-content\/uploads\/2021\/03\/1.jpg\" class=\"attachment-konstruktic-featured-image-large size-konstruktic-featured-image-large wp-post-image\" alt=\"\" srcset=\"https:\/\/poseidon.hr\/wp-content\/uploads\/2021\/03\/1.jpg 720w, https:\/\/poseidon.hr\/wp-content\/uploads\/2021\/03\/1-300x200.jpg 300w, https:\/\/poseidon.hr\/wp-content\/uploads\/2021\/03\/1-700x468.jpg 700w\" sizes=\"(max-width: 720px) 100vw, 720px\" \/>                <\/a>\n            <\/div><!-- .post-thumbnail -->\n\n                <div class=\"post-content\">\n            <div class=\"entry-item\">\n                <div class=\"entry-header\">\n                    <div class=\"entry-meta\">\n                        <div class=\"entry-meta-inner\"><span class=\"post-date\"><a href=\"https:\/\/poseidon.hr\/en\/riviera-mobile-home\/\" rel=\"bookmark\"><time class=\"entry-date published\" datetime=\"2021-03-23T11:29:59+01:00\">March 23, 2021<\/time><time class=\"updated\" datetime=\"2024-11-05T15:37:17+01:00\">November 5, 2024<\/time><\/a><\/span><\/div>                    <\/div><!-- .entry-meta -->\n                    <h3 class=\"entry-title\"><a href=\"https:\/\/poseidon.hr\/en\/riviera-mobile-home\/\">Riviera \u2013 Mobile Home<\/a><\/h3>\n                <\/div><!-- .entry-header -->\n\n                    <div class=\"entry-summary\">\n                        Check out our new modern mobile home for a complete vacation experience. This mobile home offers a special relaxation environment&hellip;                    <\/div><!-- .entry-summary -->\n\n                    <div class=\"more-link-wrap\">\n                        <a class=\"more-link\"\n                           href=\"https:\/\/poseidon.hr\/en\/riviera-mobile-home\/\">Learn More                            <i class=\"opal-icon-long-arrow-right\" aria-hidden=\"true\"><\/i>\n                        <\/a>\n                    <\/div><!-- .more-link-wrap -->\n\n\n            <\/div>\n        <\/div>\n\n    <\/div>\n<\/div><div class=\"column-item post-style-1\">\n    <div class=\"post-inner\">\n                    <div class=\"post-thumbnail\">\n                <a href=\"https:\/\/poseidon.hr\/en\/poseidon-your-office-away-from-home\/\">\n                    <img decoding=\"async\" width=\"869\" height=\"543\" src=\"https:\/\/poseidon.hr\/wp-content\/uploads\/2021\/03\/engl.png\" class=\"attachment-konstruktic-featured-image-large size-konstruktic-featured-image-large wp-post-image\" alt=\"\" srcset=\"https:\/\/poseidon.hr\/wp-content\/uploads\/2021\/03\/engl.png 869w, https:\/\/poseidon.hr\/wp-content\/uploads\/2021\/03\/engl-300x187.png 300w, https:\/\/poseidon.hr\/wp-content\/uploads\/2021\/03\/engl-768x480.png 768w, https:\/\/poseidon.hr\/wp-content\/uploads\/2021\/03\/engl-700x437.png 700w\" sizes=\"(max-width: 869px) 100vw, 869px\" \/>                <\/a>\n            <\/div><!-- .post-thumbnail -->\n\n                <div class=\"post-content\">\n            <div class=\"entry-item\">\n                <div class=\"entry-header\">\n                    <div class=\"entry-meta\">\n                        <div class=\"entry-meta-inner\"><span class=\"post-date\"><a href=\"https:\/\/poseidon.hr\/en\/poseidon-your-office-away-from-home\/\" rel=\"bookmark\"><time class=\"entry-date published\" datetime=\"2021-03-22T08:59:08+01:00\">March 22, 2021<\/time><time class=\"updated\" datetime=\"2024-12-03T14:58:38+01:00\">December 3, 2024<\/time><\/a><\/span><\/div>                    <\/div><!-- .entry-meta -->\n                    <h3 class=\"entry-title\"><a href=\"https:\/\/poseidon.hr\/en\/poseidon-your-office-away-from-home\/\">Poseidon &#8211; Your Office away from Home<\/a><\/h3>\n                <\/div><!-- .entry-header -->\n\n                    <div class=\"entry-summary\">\n                        If you are looking for a place to rest and spend some time working away from home, make Croatia your&hellip;                    <\/div><!-- .entry-summary -->\n\n                    <div class=\"more-link-wrap\">\n                        <a class=\"more-link\"\n                           href=\"https:\/\/poseidon.hr\/en\/poseidon-your-office-away-from-home\/\">Learn More                            <i class=\"opal-icon-long-arrow-right\" aria-hidden=\"true\"><\/i>\n                        <\/a>\n                    <\/div><!-- .more-link-wrap -->\n\n\n            <\/div>\n        <\/div>\n\n    <\/div>\n<\/div><div class=\"column-item post-style-1\">\n    <div class=\"post-inner\">\n                    <div class=\"post-thumbnail\">\n                <a href=\"https:\/\/poseidon.hr\/en\/new-website\/\">\n                    <img loading=\"lazy\" decoding=\"async\" width=\"1024\" height=\"724\" src=\"https:\/\/poseidon.hr\/wp-content\/uploads\/2020\/12\/pic-1024x724-1.jpg\" class=\"attachment-konstruktic-featured-image-large size-konstruktic-featured-image-large wp-post-image\" alt=\"\" srcset=\"https:\/\/poseidon.hr\/wp-content\/uploads\/2020\/12\/pic-1024x724-1.jpg 1024w, https:\/\/poseidon.hr\/wp-content\/uploads\/2020\/12\/pic-1024x724-1-300x212.jpg 300w, https:\/\/poseidon.hr\/wp-content\/uploads\/2020\/12\/pic-1024x724-1-768x543.jpg 768w, https:\/\/poseidon.hr\/wp-content\/uploads\/2020\/12\/pic-1024x724-1-700x495.jpg 700w\" sizes=\"(max-width: 1024px) 100vw, 1024px\" \/>                <\/a>\n            <\/div><!-- .post-thumbnail -->\n\n                <div class=\"post-content\">\n            <div class=\"entry-item\">\n                <div class=\"entry-header\">\n                    <div class=\"entry-meta\">\n                        <div class=\"entry-meta-inner\"><span class=\"post-date\"><a href=\"https:\/\/poseidon.hr\/en\/new-website\/\" rel=\"bookmark\"><time class=\"entry-date published\" datetime=\"2020-12-18T12:09:13+01:00\">December 18, 2020<\/time><time class=\"updated\" datetime=\"2024-11-06T13:38:44+01:00\">November 6, 2024<\/time><\/a><\/span><\/div>                    <\/div><!-- .entry-meta -->\n                    <h3 class=\"entry-title\"><a href=\"https:\/\/poseidon.hr\/en\/new-website\/\">New website<\/a><\/h3>\n                <\/div><!-- .entry-header -->\n\n                    <div class=\"entry-summary\">\n                        Our team of young people worked hard on the redesign of the website to make it faster and easier to&hellip;                    <\/div><!-- .entry-summary -->\n\n                    <div class=\"more-link-wrap\">\n                        <a class=\"more-link\"\n                           href=\"https:\/\/poseidon.hr\/en\/new-website\/\">Learn More                            <i class=\"opal-icon-long-arrow-right\" aria-hidden=\"true\"><\/i>\n                        <\/a>\n                    <\/div><!-- .more-link-wrap -->\n\n\n            <\/div>\n        <\/div>\n\n    <\/div>\n<\/div>            <\/div>\n        <\/div>\n        \t\t<\/div>\n\t\t\t\t<\/div>\n\t\t\t\t\t<\/div>\n\t\t\t\t<\/div>\n\t\t\t\t<\/div>\n\t\t","protected":false},"excerpt":{"rendered":"<p>29 lipnja, 20215 studenoga, 2024 Ne propustite priliku \u2013 30% na X line ku\u0107ice U\u017eivajte u neodoljivim \u010darima Makarske rivijere uz na\u0161u posebnu ponudu. Ku\u0107ice X Line za \u010detiri i \u0161est osoba su na\u2026 Pro\u010ditajte vi\u0161e 23 o\u017eujka, 20215 studenoga, 2024 Mobilna ku\u0107ica Riviera Nudimo smje\u0161taj u moderno opremljenoj mobilnoj ku\u0107ici, prilago\u0111enoj svakom gostu za &hellip; <span class=\"more-link-wrap\"><a href=\"https:\/\/poseidon.hr\/en\/new-website\/\" class=\"more-link\">Read More <span class=\"screen-reader-text\"> &#8220;New website&#8221;<\/span><\/a><\/span><\/p>\n","protected":false},"author":2,"featured_media":0,"parent":0,"menu_order":0,"comment_status":"closed","ping_status":"closed","template":"","meta":{"inline_featured_image":false,"footnotes":""},"class_list":["post-6844","page","type-page","status-publish","hentry"],"aioseo_notices":[],"_links":{"self":[{"href":"https:\/\/poseidon.hr\/en\/wp-json\/wp\/v2\/pages\/6844","targetHints":{"allow":["GET"]}}],"collection":[{"href":"https:\/\/poseidon.hr\/en\/wp-json\/wp\/v2\/pages"}],"about":[{"href":"https:\/\/poseidon.hr\/en\/wp-json\/wp\/v2\/types\/page"}],"author":[{"embeddable":true,"href":"https:\/\/poseidon.hr\/en\/wp-json\/wp\/v2\/users\/2"}],"replies":[{"embeddable":true,"href":"https:\/\/poseidon.hr\/en\/wp-json\/wp\/v2\/comments?post=6844"}],"version-history":[{"count":1,"href":"https:\/\/poseidon.hr\/en\/wp-json\/wp\/v2\/pages\/6844\/revisions"}],"predecessor-version":[{"id":6845,"href":"https:\/\/poseidon.hr\/en\/wp-json\/wp\/v2\/pages\/6844\/revisions\/6845"}],"wp:attachment":[{"href":"https:\/\/poseidon.hr\/en\/wp-json\/wp\/v2\/media?parent=6844"}],"curies":[{"name":"wp","href":"https:\/\/api.w.org\/{rel}","templated":true}]}}